{"id":493,"date":"2022-02-21T12:41:47","date_gmt":"2022-02-21T12:41:47","guid":{"rendered":"https:\/\/ramsis.com.br\/?page_id=493"},"modified":"2023-12-01T15:53:25","modified_gmt":"2023-12-01T18:53:25","slug":"home","status":"publish","type":"page","link":"https:\/\/ramsis.com.br\/","title":{"rendered":"Home"},"content":{"rendered":"\n<div class=\"wp-block-uagb-container uagb-block-de13c167 alignfull uagb-is-root-container\"><div class=\"uagb-container-inner-blocks-wrap\">\n<div class=\"wp-block-uagb-advanced-heading uagb-block-98ad8c05\"><h3 class=\"uagb-heading-text\">TECNOLOGIA PARA<\/h3><\/div>\n\n\n\n<div class=\"wp-block-uagb-info-box uagb-block-60b997e4 uagb-infobox__content-wrap  uagb-infobox-icon-above-title uagb-infobox-image-valign-top\"><div class=\"uagb-ifb-content\"><div class=\"uagb-ifb-title-wrap\"><h2 class=\"uagb-ifb-title\">GEST\u00c3O DE ATIVOS IMOBILI\u00c1RIOS<\/h2><\/div><p class=\"uagb-ifb-desc\">O fara\u00f3 RAMS\u00c9S II \u00e9 conhecido por sua habilidade em administrar e expandir o territ\u00f3rio, al\u00e9m de&nbsp; promover um grande per\u00edodo de relativa estabilidade e prosperidade. Certamente <strong>se ainda estivesse vivo estaria utilizando a Plataforma RamSIS<\/strong>.<\/p><\/div><\/div>\n\n\n\n<div class=\"wp-block-uagb-buttons uagb-buttons__outer-wrap uagb-btn__default-btn uagb-btn-tablet__default-btn uagb-btn-mobile__default-btn uagb-block-259ae339\"><div class=\"uagb-buttons__wrap uagb-buttons-layout-wrap\">\n<div class=\"wp-block-uagb-buttons-child uagb-buttons__outer-wrap uagb-block-0a0444f4 wp-block-button\"><div class=\"uagb-button__wrapper\"><a class=\"uagb-buttons-repeater wp-block-button__link\" href=\"https:\/\/ramsis.com.br\/services\/\" onclick=\"return true;\" rel=\"follow noopener\" target=\"_self\"><div class=\"uagb-button__link\">DETALHES<\/div><\/a><\/div><\/div>\n\n\n\n<div class=\"wp-block-uagb-buttons-child uagb-buttons__outer-wrap uagb-block-2d1c8330 wp-block-button\"><div class=\"uagb-button__wrapper\"><a class=\"uagb-buttons-repeater wp-block-button__link\" href=\"https:\/\/ramsis.com.br\/contact\/\" onclick=\"return true;\" rel=\"follow noopener\" target=\"_self\"><div class=\"uagb-button__link\">CONTATO<\/div><\/a><\/div><\/div>\n<\/div><\/div>\n<\/div><\/div>\n\n\n\n<div class=\"wp-block-uagb-container uag-blocks-common-selector uagb-block-b582cb62 alignfull uagb-is-root-container\"><div class=\"uagb-container-inner-blocks-wrap\">\n<div class=\"wp-block-uagb-container uag-blocks-common-selector uagb-block-07ca3cd2\">\n<div class=\"wp-block-uagb-container uagb-block-ab0fc0c8\">\n<div class=\"wp-block-uagb-advanced-heading uagb-block-ac4775a1\"><h4 class=\"uagb-heading-text\">SISTEMA ESPEC\u00cdFICO PARA GEST\u00c3O DE ATIVOS<\/h4><\/div>\n\n\n\n<div class=\"wp-block-uagb-info-box uagb-block-ea91e5d1 uagb-infobox__content-wrap  uagb-infobox-icon-above-title uagb-infobox-image-valign-top\"><div class=\"uagb-ifb-content\"><div class=\"uagb-ifb-title-wrap\"><h3 class=\"uagb-ifb-title\">20 ANOS DE EXPERI\u00caNCIA<\/h3><\/div><p class=\"uagb-ifb-desc\">Embora o RAMSIS seja novinho, a experi\u00eancia de nossa equipe, tanto na \u00e1rea de software quanto imobili\u00e1ria \u00e9 de longa data.<\/p><div class=\"uagb-ifb-button-wrapper wp-block-button\"><a href=\"#\" class=\"uagb-infobox-cta-link wp-block-button__link\" target=\"_self\" rel=\"noopener noreferrer\" onclick=\"return false;\" alt=\"\"><span class=\"uagb-inline-editing\">fa\u00e7a parte da equipe<\/span><\/a><\/div><\/div><\/div>\n<\/div>\n\n\n\n<div class=\"wp-block-uagb-container uagb-block-35e4709c\">\n<div class=\"wp-block-uagb-container uagb-block-6b387464\">\n<div class=\"wp-block-uagb-container uagb-block-6b913dbc\">\n<div class=\"wp-block-uagb-info-box uagb-block-feeafede uagb-infobox__content-wrap  uagb-infobox-icon-above-title uagb-infobox-image-valign-top\"><div class=\"uagb-ifb-content\"><div class=\"uagb-ifb-title-wrap\"><h2 class=\"uagb-ifb-title\">0+<\/h2><\/div><p class=\"uagb-ifb-desc\">Ativos geridos.<\/p><\/div><\/div>\n<\/div>\n\n\n\n<div class=\"wp-block-uagb-container uagb-block-a1376088\">\n<div class=\"wp-block-uagb-info-box uagb-block-fd9a162f uagb-infobox__content-wrap  uagb-infobox-icon-above-title uagb-infobox-image-valign-top\"><div class=\"uagb-ifb-content\"><div class=\"uagb-ifb-title-wrap\"><h2 class=\"uagb-ifb-title\">20+<\/h2><\/div><p class=\"uagb-ifb-desc\">Anos de experi\u00eancia.<\/p><\/div><\/div>\n<\/div>\n<\/div>\n\n\n\n<div class=\"wp-block-uagb-container uagb-block-7ffc3476\">\n<div class=\"wp-block-uagb-container uagb-block-f5bea168\">\n<div class=\"wp-block-uagb-info-box uagb-block-3d320031 uagb-infobox__content-wrap  uagb-infobox-icon-above-title uagb-infobox-image-valign-top\"><div class=\"uagb-ifb-content\"><div class=\"uagb-ifb-title-wrap\"><h2 class=\"uagb-ifb-title\">1120+<\/h2><\/div><p class=\"uagb-ifb-desc\">Vistorias realizadas.<\/p><\/div><\/div>\n<\/div>\n\n\n\n<div class=\"wp-block-uagb-container uagb-block-467bfe88\">\n<div class=\"wp-block-uagb-info-box uagb-block-e3b20a30 uagb-infobox__content-wrap  uagb-infobox-icon-above-title uagb-infobox-image-valign-top\"><div class=\"uagb-ifb-content\"><div class=\"uagb-ifb-title-wrap\"><h2 class=\"uagb-ifb-title\">1520+<\/h2><\/div><p class=\"uagb-ifb-desc\">Usu\u00e1rios ativos.<\/p><\/div><\/div>\n<\/div>\n<\/div>\n<\/div>\n<\/div>\n<\/div><\/div>\n\n\n\n<div class=\"wp-block-uagb-container uag-blocks-common-selector uagb-block-65b6ce60 alignfull uagb-is-root-container\"><div class=\"uagb-container-inner-blocks-wrap\">\n<div class=\"wp-block-uagb-container uagb-block-58b26743\">\n<div class=\"wp-block-uagb-container uagb-block-44a2ac8e\">\n<div class=\"wp-block-uagb-advanced-heading uagb-block-2c8319e8\"><h4 class=\"uagb-heading-text\">CONSTRUA SEU IMP\u00c9RIO<\/h4><\/div>\n\n\n\n<div class=\"wp-block-uagb-advanced-heading uagb-block-1471f704\"><h2 class=\"uagb-heading-text\">ALGUMAS FUNCIONALIDADES<\/h2><\/div>\n<\/div>\n\n\n\n<div class=\"wp-block-uagb-container uagb-block-02e1829e\">\n<div class=\"wp-block-uagb-buttons uagb-buttons__outer-wrap uagb-btn__default-btn uagb-btn-tablet__default-btn uagb-btn-mobile__default-btn uagb-block-7a09d535\"><div class=\"uagb-buttons__wrap uagb-buttons-layout-wrap\">\n<div class=\"wp-block-uagb-buttons-child uagb-buttons__outer-wrap uagb-block-3c07a954 wp-block-button\"><div class=\"uagb-button__wrapper\"><a class=\"uagb-buttons-repeater wp-block-button__link\" href=\"#\" onclick=\"return false;\" rel=\"follow noopener\" target=\"_self\"><div class=\"uagb-button__link\">View All<\/div><span class=\"uagb-button__icon uagb-button__icon-position-after\"><svg xmlns=\"https:\/\/www.w3.org\/2000\/svg\" viewBox=\"0 0 512 512\"><path d=\"M504.3 273.6l-112.1 104c-6.992 6.484-17.18 8.218-25.94 4.406c-8.758-3.812-14.42-12.45-14.42-21.1L351.9 288H32C14.33 288 .0002 273.7 .0002 255.1S14.33 224 32 224h319.9l0-72c0-9.547 5.66-18.19 14.42-22c8.754-3.809 18.95-2.075 25.94 4.41l112.1 104C514.6 247.9 514.6 264.1 504.3 273.6z\"><\/path><\/svg><\/span><\/a><\/div><\/div>\n<\/div><\/div>\n<\/div>\n<\/div>\n\n\n\n<div class=\"wp-block-uagb-container uagb-block-f50f2433\">\n<div class=\"wp-block-uagb-container uagb-block-128e95da\">\n<div class=\"wp-block-uagb-info-box uagb-block-85057de5 uagb-infobox__content-wrap  uagb-infobox-icon-above-title uagb-infobox-image-valign-top\"><div class=\"uagb-ifb-content\"><div class=\"uagb-ifb-image-content\"><img decoding=\"async\" src=\"http:\/\/ramsis.com.br\/wp-content\/uploads\/2023\/11\/print-cadastro-imobiliario-1024x611.png\" alt=\"\" width=\"1024\" height=\"611\" loading=\"lazy\"\/><\/div><div class=\"uagb-ifb-title-wrap\"><h3 class=\"uagb-ifb-title\">Cadastro Imobili\u00e1rio<\/h3><\/div><p class=\"uagb-ifb-desc\">Cadastro imobili\u00e1rio completo. Tenha um invent\u00e1rio dos seus ativos sempre a m\u00e3o.<\/p><\/div><\/div>\n<\/div>\n\n\n\n<div class=\"wp-block-uagb-container uagb-block-78a889ca\">\n<div class=\"wp-block-uagb-info-box uagb-block-a2af7462 uagb-infobox__content-wrap  uagb-infobox-icon-above-title uagb-infobox-image-valign-top\"><div class=\"uagb-ifb-content\"><div class=\"uagb-ifb-image-content\"><img decoding=\"async\" src=\"http:\/\/ramsis.com.br\/wp-content\/uploads\/2023\/11\/print-gestao-documental-1024x587.png\" alt=\"\" width=\"1024\" height=\"587\" loading=\"lazy\"\/><\/div><div class=\"uagb-ifb-title-wrap\"><h3 class=\"uagb-ifb-title\">Gest\u00e3o Documental<\/h3><\/div><p class=\"uagb-ifb-desc\">Tenha todos os documentos, matriculas, contratos organizados em um \u00fanico lugar.<\/p><\/div><\/div>\n<\/div>\n\n\n\n<div class=\"wp-block-uagb-container uagb-block-86d5f74b\">\n<div class=\"wp-block-uagb-info-box uagb-block-d999d4cd uagb-infobox__content-wrap  uagb-infobox-icon-above-title uagb-infobox-image-valign-top\"><div class=\"uagb-ifb-content\"><div class=\"uagb-ifb-image-content\"><img decoding=\"async\" src=\"http:\/\/ramsis.com.br\/wp-content\/uploads\/2023\/11\/print-mapas-geoprocessados-1024x576.png\" alt=\"\" width=\"1024\" height=\"576\" loading=\"lazy\"\/><\/div><div class=\"uagb-ifb-title-wrap\"><h3 class=\"uagb-ifb-title\">GIS \/ Mapas Geoprocessados<\/h3><\/div><p class=\"uagb-ifb-desc\">Visualize e navegue de forma f\u00e1cil por seu imp\u00e9rio.<\/p><\/div><\/div>\n<\/div>\n<\/div>\n\n\n\n<div class=\"wp-block-uagb-container uagb-block-09bf7c5e\">\n<div class=\"wp-block-uagb-container uagb-block-54a64292\">\n<div class=\"wp-block-uagb-info-box uagb-block-1270ce0e uagb-infobox__content-wrap  uagb-infobox-icon-above-title uagb-infobox-image-valign-top\"><div class=\"uagb-ifb-content\"><div class=\"uagb-ifb-image-content\"><img decoding=\"async\" src=\"http:\/\/ramsis.com.br\/wp-content\/uploads\/2023\/11\/print-controle-prazos-1024x472.png\" alt=\"\" width=\"1024\" height=\"472\" loading=\"lazy\"\/><\/div><div class=\"uagb-ifb-title-wrap\"><h3 class=\"uagb-ifb-title\">Controles de Prazos\u200b<\/h3><\/div><p class=\"uagb-ifb-desc\">Jamais perca um prazo de: ITR \/ IPTU \/ declara\u00e7\u00f5es \/ comodatos \/ empr\u00e9stimos \/ etc.); <\/p><\/div><\/div>\n<\/div>\n\n\n\n<div class=\"wp-block-uagb-container uagb-block-cab68051\">\n<div class=\"wp-block-uagb-info-box uagb-block-ee20ec3d uagb-infobox__content-wrap  uagb-infobox-icon-above-title uagb-infobox-image-valign-top\"><div class=\"uagb-ifb-content\"><div class=\"uagb-ifb-image-content\"><img decoding=\"async\" src=\"http:\/\/ramsis.com.br\/wp-content\/uploads\/2023\/11\/print-relatorios-1024x719.png\" alt=\"\" width=\"1024\" height=\"719\" loading=\"lazy\"\/><\/div><div class=\"uagb-ifb-title-wrap\"><h3 class=\"uagb-ifb-title\">Relat\u00f3rios\u200b<\/h3><\/div><p class=\"uagb-ifb-desc\">Extraia insights e informa\u00e7\u00f5es atrav\u00e9s de relat\u00f3rios filtr\u00e1veis.<\/p><\/div><\/div>\n<\/div>\n\n\n\n<div class=\"wp-block-uagb-container uagb-block-09ec95cf\">\n<div class=\"wp-block-uagb-info-box uagb-block-5c3324a7 uagb-infobox__content-wrap  uagb-infobox-icon-above-title uagb-infobox-image-valign-top\"><div class=\"uagb-ifb-content\"><div class=\"uagb-ifb-image-content\"><img decoding=\"async\" src=\"http:\/\/ramsis.com.br\/wp-content\/uploads\/2023\/11\/print-web-300x256.png\" alt=\"\" width=\"300\" height=\"256\" loading=\"lazy\"\/><\/div><div class=\"uagb-ifb-title-wrap\"><h3 class=\"uagb-ifb-title\">Acesso via WEB<\/h3><\/div><p class=\"uagb-ifb-desc\">N\u00e3o se preocupe com infra-estrutura, apenas com seu computador ou celular e acesso a internet fa\u00e7a tudo.<\/p><\/div><\/div>\n<\/div>\n<\/div>\n<\/div><\/div>\n\n\n\n<div class=\"wp-block-uagb-container uagb-block-f90ed05a alignfull uagb-is-root-container\">\n\n<\/div>\n\n\n\n\n\n\n\n\n\n<div class=\"wp-block-uagb-container uagb-block-e75d3911 alignfull uagb-is-root-container\"><\/div>\n\n\n\n<div class=\"wp-block-uagb-container uagb-block-e78118af alignfull uagb-is-root-container\"><div class=\"uagb-container-inner-blocks-wrap\">\n<div class=\"wp-block-uagb-advanced-heading uagb-block-29c364da\"><h4 class=\"uagb-heading-text\">o que nossos clientes dizem&#8230;<\/h4><\/div>\n\n\n\n<div class=\"wp-block-uagb-advanced-heading uagb-block-b50a80b7\"><h2 class=\"uagb-heading-text\">Depoimentos<\/h2><\/div>\n\n\n\n<div class=\"wp-block-uagb-container uagb-block-bbc71e01\">\n<div class=\"wp-block-uagb-container uagb-block-577c844c\">\n<div class=\"wp-block-uagb-info-box uagb-block-d1e7a584 uagb-infobox__content-wrap  uagb-infobox-icon-above-title uagb-infobox-image-valign-top\"><div class=\"uagb-ifb-content\"><div class=\"uagb-ifb-image-content\"><img decoding=\"async\" src=\"http:\/\/ramsis.com.br\/wp-content\/uploads\/2021\/11\/h1-team-img-04-100x100-1.png\" alt=\"\" width=\"70\" height=\"70\" loading=\"lazy\"\/><\/div><div class=\"uagb-ifb-title-wrap\"><h4 class=\"uagb-ifb-title\">Secret\u00e1ria de Gest\u00e3o de Ativos<\/h4><\/div><\/div><\/div>\n\n\n\n<div class=\"wp-block-uagb-advanced-heading uagb-block-a3dff385\"><h3 class=\"uagb-heading-text\">Alice Howard<\/h3><p class=\"uagb-desc-text\">&#8220;Fazer tudo manualmente n\u00e3o era nada f\u00e1cil. Agora temos melhor controle de tudo&#8221;<\/p><\/div>\n<\/div>\n\n\n\n<div class=\"wp-block-uagb-container uagb-block-12ba9d14\">\n<div class=\"wp-block-uagb-info-box uagb-block-040f66a6 uagb-infobox__content-wrap  uagb-infobox-icon-above-title uagb-infobox-image-valign-top\"><div class=\"uagb-ifb-content\"><div class=\"uagb-ifb-image-content\"><img decoding=\"async\" src=\"http:\/\/ramsis.com.br\/wp-content\/uploads\/2021\/11\/team-img-04-100x100-1.png\" alt=\"\" width=\"70\" height=\"70\" loading=\"lazy\"\/><\/div><div class=\"uagb-ifb-title-wrap\"><h4 class=\"uagb-ifb-title\">Empres\u00e1rio e Investidor<\/h4><\/div><\/div><\/div>\n\n\n\n<div class=\"wp-block-uagb-advanced-heading uagb-block-3b5d0fcf\"><h3 class=\"uagb-heading-text\">Nathan Marshall<\/h3><p class=\"uagb-desc-text\">Lorem ipsum dolor sit amet, consectetur adipiscing elit. Ut elit tellus, luctus nec ullamcorper mattis, pulvinar dapibus leo.<\/p><\/div>\n<\/div>\n<\/div>\n\n\n\n<div class=\"wp-block-uagb-container uagb-block-7f495b8b\">\n<div class=\"wp-block-uagb-container uagb-block-56081f84\">\n<div class=\"wp-block-uagb-info-box uagb-block-21f8d5c3 uagb-infobox__content-wrap  uagb-infobox-icon-above-title uagb-infobox-image-valign-top\"><div class=\"uagb-ifb-content\"><div class=\"uagb-ifb-image-content\"><img decoding=\"async\" src=\"http:\/\/ramsis.com.br\/wp-content\/uploads\/2021\/11\/h1-img-02-100x100-1.png\" alt=\"\" width=\"70\" height=\"70\" loading=\"lazy\"\/><\/div><div class=\"uagb-ifb-title-wrap\"><h4 class=\"uagb-ifb-title\">Oficial Cartor\u00e1rio<\/h4><\/div><\/div><\/div>\n\n\n\n<div class=\"wp-block-uagb-advanced-heading uagb-block-e530754f\"><h3 class=\"uagb-heading-text\">Ema Romero<\/h3><p class=\"uagb-desc-text\">Lorem ipsum dolor sit amet, consectetur adipiscing elit. Ut elit tellus, luctus nec ullamcorper mattis, pulvinar dapibus leo.<\/p><\/div>\n<\/div>\n\n\n\n<div class=\"wp-block-uagb-container uagb-block-3cc527d1\">\n<div class=\"wp-block-uagb-info-box uagb-block-32ceaca8 uagb-infobox__content-wrap  uagb-infobox-icon-above-title uagb-infobox-image-valign-top\"><div class=\"uagb-ifb-content\"><div class=\"uagb-ifb-image-content\"><img decoding=\"async\" src=\"http:\/\/ramsis.com.br\/wp-content\/uploads\/2021\/11\/h2-team-img-04.png\" alt=\"\" width=\"70\" height=\"70\" loading=\"lazy\"\/><\/div><div class=\"uagb-ifb-title-wrap\"><h4 class=\"uagb-ifb-title\">Gerente de Projetos<\/h4><\/div><\/div><\/div>\n\n\n\n<div class=\"wp-block-uagb-advanced-heading uagb-block-dbccadae\"><h3 class=\"uagb-heading-text\">Ann Smith<\/h3><p class=\"uagb-desc-text\">Lorem ipsum dolor sit amet, consectetur adipiscing elit. Ut elit tellus, luctus nec ullamcorper mattis, pulvinar dapibus leo.<\/p><\/div>\n<\/div>\n<\/div>\n<\/div><\/div>\n","protected":false},"excerpt":{"rendered":"<p>TECNOLOGIA PARA SISTEMA ESPEC\u00cdFICO PARA GEST\u00c3O DE ATIVOS CONSTRUA SEU IMP\u00c9RIO ALGUMAS FUNCIONALIDADES Sustainability We Follow Best Practices Sustainability Transform Communities Across the Globe Lorem ipsum dolor sit amet, consectetur adipiscing elit. Pellentesque in ipsum id orci porta dapibus. Vivamus magna justo, lacinia eget consectetur sed, convallis at tellus. About Founders We Are a Leading [&hellip;]<\/p>\n","protected":false},"author":1,"featured_media":0,"parent":0,"menu_order":0,"comment_status":"closed","ping_status":"closed","template":"","meta":{"_uag_custom_page_level_css":"","site-sidebar-layout":"no-sidebar","site-content-layout":"plain-container","ast-site-content-layout":"normal-width-container","site-content-style":"unboxed","site-sidebar-style":"unboxed","ast-global-header-display":"","ast-banner-title-visibility":"","ast-main-header-display":"","ast-hfb-above-header-display":"","ast-hfb-below-header-display":"","ast-hfb-mobile-header-display":"","site-post-title":"disabled","ast-breadcrumbs-content":"","ast-featured-img":"disabled","footer-sml-layout":"","theme-transparent-header-meta":"enabled","adv-header-id-meta":"","stick-header-meta":"","header-above-stick-meta":"","header-main-stick-meta":"","header-below-stick-meta":"","astra-migrate-meta-layouts":"set","ast-page-background-enabled":"default","ast-page-background-meta":{"desktop":{"background-color":"var(--ast-global-color-4)","background-image":"","background-repeat":"repeat","background-position":"center center","background-size":"auto","background-attachment":"scroll","background-type":"","background-media":"","overlay-type":"","overlay-color":"","overlay-opacity":"","overlay-gradient":""},"tablet":{"background-color":"","background-image":"","background-repeat":"repeat","background-position":"center center","background-size":"auto","background-attachment":"scroll","background-type":"","background-media":"","overlay-type":"","overlay-color":"","overlay-opacity":"","overlay-gradient":""},"mobile":{"background-color":"","background-image":"","background-repeat":"repeat","background-position":"center center","background-size":"auto","background-attachment":"scroll","background-type":"","background-media":"","overlay-type":"","overlay-color":"","overlay-opacity":"","overlay-gradient":""}},"ast-content-background-meta":{"desktop":{"background-color":"var(--ast-global-color-5)","background-image":"","background-repeat":"repeat","background-position":"center center","background-size":"auto","background-attachment":"scroll","background-type":"","background-media":"","overlay-type":"","overlay-color":"","overlay-opacity":"","overlay-gradient":""},"tablet":{"background-color":"var(--ast-global-color-5)","background-image":"","background-repeat":"repeat","background-position":"center center","background-size":"auto","background-attachment":"scroll","background-type":"","background-media":"","overlay-type":"","overlay-color":"","overlay-opacity":"","overlay-gradient":""},"mobile":{"background-color":"var(--ast-global-color-5)","background-image":"","background-repeat":"repeat","background-position":"center center","background-size":"auto","background-attachment":"scroll","background-type":"","background-media":"","overlay-type":"","overlay-color":"","overlay-opacity":"","overlay-gradient":""}},"footnotes":""},"class_list":["post-493","page","type-page","status-publish","hentry"],"uagb_featured_image_src":{"full":false,"thumbnail":false,"medium":false,"medium_large":false,"large":false,"1536x1536":false,"2048x2048":false},"uagb_author_info":{"display_name":"ramsis","author_link":"https:\/\/ramsis.com.br\/?author=1"},"uagb_comment_info":0,"uagb_excerpt":"TECNOLOGIA PARA SISTEMA ESPEC\u00cdFICO PARA GEST\u00c3O DE ATIVOS CONSTRUA SEU IMP\u00c9RIO ALGUMAS FUNCIONALIDADES Sustainability We Follow Best Practices Sustainability Transform Communities Across the Globe Lorem ipsum dolor sit amet, consectetur adipiscing elit. Pellentesque in ipsum id orci porta dapibus. Vivamus magna justo, lacinia eget consectetur sed, convallis at tellus. About Founders We Are a Leading&hellip;","_links":{"self":[{"href":"https:\/\/ramsis.com.br\/index.php?rest_route=\/wp\/v2\/pages\/493","targetHints":{"allow":["GET"]}}],"collection":[{"href":"https:\/\/ramsis.com.br\/index.php?rest_route=\/wp\/v2\/pages"}],"about":[{"href":"https:\/\/ramsis.com.br\/index.php?rest_route=\/wp\/v2\/types\/page"}],"author":[{"embeddable":true,"href":"https:\/\/ramsis.com.br\/index.php?rest_route=\/wp\/v2\/users\/1"}],"replies":[{"embeddable":true,"href":"https:\/\/ramsis.com.br\/index.php?rest_route=%2Fwp%2Fv2%2Fcomments&post=493"}],"version-history":[{"count":18,"href":"https:\/\/ramsis.com.br\/index.php?rest_route=\/wp\/v2\/pages\/493\/revisions"}],"predecessor-version":[{"id":1209,"href":"https:\/\/ramsis.com.br\/index.php?rest_route=\/wp\/v2\/pages\/493\/revisions\/1209"}],"wp:attachment":[{"href":"https:\/\/ramsis.com.br\/index.php?rest_route=%2Fwp%2Fv2%2Fmedia&parent=493"}],"curies":[{"name":"wp","href":"https:\/\/api.w.org\/{rel}","templated":true}]}}